{"id":1516,"date":"2019-02-15T17:12:25","date_gmt":"2019-02-15T16:12:25","guid":{"rendered":"https:\/\/dekobyangel.fr\/?page_id=1516"},"modified":"2020-09-30T09:46:28","modified_gmt":"2020-09-30T07:46:28","slug":"mentions-legales","status":"publish","type":"page","link":"https:\/\/dekobyangel.fr\/?page_id=1516","title":{"rendered":"Mentions L\u00e9gales"},"content":{"rendered":"\t\t<div data-elementor-type=\"wp-page\" data-elementor-id=\"1516\" class=\"elementor elementor-1516\">\n\t\t\t\t\t\t<div class=\"elementor-inner\">\n\t\t\t\t<div class=\"elementor-section-wrap\">\n\t\t\t\t\t\t\t\t\t<section class=\"elementor-section elementor-top-section elementor-element elementor-element-dea2373 elementor-section-boxed elementor-section-height-default elementor-section-height-default\" data-id=\"dea2373\" data-element_type=\"section\">\n\t\t\t\t\t\t<div class=\"elementor-container elementor-column-gap-default\">\n\t\t\t\t\t\t\t<div class=\"elementor-row\">\n\t\t\t\t\t<div class=\"elementor-column elementor-col-100 elementor-top-column elementor-element elementor-element-542b44a\" data-id=\"542b44a\" data-element_type=\"column\">\n\t\t\t<div class=\"elementor-column-wrap elementor-element-populated\">\n\t\t\t\t\t\t\t<div class=\"elementor-widget-wrap\">\n\t\t\t\t\t\t<div class=\"elementor-element elementor-element-8c3bb42 elementor-widget elementor-widget-spacer\" data-id=\"8c3bb42\" data-element_type=\"widget\" data-widget_type=\"spacer.default\">\n\t\t\t\t<div class=\"elementor-widget-container\">\n\t\t\t\t\t<div class=\"elementor-spacer\">\n\t\t\t<div class=\"elementor-spacer-inner\"><\/div>\n\t\t<\/div>\n\t\t\t\t<\/div>\n\t\t\t\t<\/div>\n\t\t\t\t<div class=\"elementor-element elementor-element-50fe0d5 elementor-widget elementor-widget-text-editor\" data-id=\"50fe0d5\" data-element_type=\"widget\" data-widget_type=\"text-editor.default\">\n\t\t\t\t<div class=\"elementor-widget-container\">\n\t\t\t\t\t\t\t\t<div class=\"elementor-text-editor elementor-clearfix\">\n\t\t\t\t<p class=\"Corps\"><strong>Editeur du Site :<\/strong><\/p>\n<p class=\"Corps\">Nom Client : Deko by Angel<span lang=\"de\" xml:lang=\"de\"><br>Num<\/span>\u00e9<span lang=\"es-trad\" xml:lang=\"es-trad\">ro de SIRET : <\/span><span style=\"font-size: xx-small;\"><span style=\"font-size: small;\">848 581 005 00016<\/span><\/span><br>Adresse Client : 34 bis rue Clarisse 59320 Haubourdin, France&nbsp;<br><span lang=\"it\" xml:lang=\"it\">T<\/span>\u00e9<span lang=\"it\" xml:lang=\"it\">l<\/span>\u00e9phone : <span lang=\"it\" xml:lang=\"it\"><a href=\"tel:+33699662049\">0699662049<\/a><\/span><br>Email Client <span lang=\"it\" xml:lang=\"it\">:<\/span><span lang=\"it\" xml:lang=\"it\"> <a href=\"mailto:dekobyangel@gmail.com\">dekobyangel@gmail.com<\/a><\/span><br><span lang=\"de\" xml:lang=\"de\">Site Web : <a href=\"https:\/\/dekobyangel.fr\">www.dekobyangel.fr<\/a><\/span><\/p>\n<p class=\"Corps\"><span lang=\"it\" xml:lang=\"it\">&nbsp;<\/span><\/p>\n<p class=\"Corps\"><strong><span lang=\"it\" xml:lang=\"it\">H<\/span><\/strong><strong>\u00e9bergement :<\/strong><\/p>\n<p class=\"Corps\"><span lang=\"it\" xml:lang=\"it\">H<\/span>\u00e9bergeur : WordPress<span lang=\"pt\" xml:lang=\"pt\"><br><\/span><span lang=\"it\" xml:lang=\"it\">Site Web : <a href=\"http:\/\/www.wordpress.com\">www.wordpress.com<\/a><\/span><\/p>\n<p class=\"Corps\"><span lang=\"it\" xml:lang=\"it\">&nbsp;<\/span><\/p>\n<p class=\"Corps\"><strong>Conditions d<span lang=\"it\" xml:lang=\"it\">\u2019<\/span><\/strong><strong>utilisation :<\/strong><\/p>\n<p class=\"Corps\">Ce site (http:\/\/dekobyangel.fr\/) est propos\u00e9 en diff\u00e9rents langages web (HTML, HTML5, Javascript, CSS, etc<span lang=\"it\" xml:lang=\"it\">\u2026<\/span>) pour un meilleur confort d<span lang=\"it\" xml:lang=\"it\">\u2019<\/span>utilisation et un graphisme plus agr\u00e9able, nous vous recommandons de recourir \u00e0 des navigateurs modernes comme Internet explorer, Safari, Firefox, Google Chrome, etc<span lang=\"it\" xml:lang=\"it\">\u2026<\/span><\/p>\n<p class=\"Corps\"><span lang=\"it\" xml:lang=\"it\">L<\/span>a soci\u00e9t\u00e9 Deko By Angel<span lang=\"nl\" xml:lang=\"nl\"> met en <\/span>\u0153uvre tous les moyens dont elle dispose, pour assurer une information fiable et une mise \u00e0 jour fiable de ses sites internet. Toutefois, des erreurs ou omissions peuvent survenir. L<span lang=\"it\" xml:lang=\"it\">\u2019<\/span>internaute devra donc s<span lang=\"it\" xml:lang=\"it\">\u2019<\/span>assurer de l<span lang=\"it\" xml:lang=\"it\">\u2019<\/span>exactitude des informations, et signaler toutes modifications du site qu<span lang=\"it\" xml:lang=\"it\">\u2019<\/span>il jugerait utile. Deko By Angel <span lang=\"it\" xml:lang=\"it\">n\u2019<\/span>est en aucun cas responsable de l<span lang=\"it\" xml:lang=\"it\">\u2019<\/span>utilisation faite de ces informations, et de tout pr\u00e9judice direct ou indirect pouvant en d\u00e9couler.<\/p>\n<p class=\"Corps\">Cookies : Le site http:\/\/dekobyangel.fr\/ peut-\u00eatre amen\u00e9 \u00e0 vous demander l<span lang=\"it\" xml:lang=\"it\">\u2019<\/span>acceptation des cookies pour des besoins de statistiques et d<span lang=\"it\" xml:lang=\"it\">\u2019<\/span>affichage. Un cookies est une information d\u00e9<span lang=\"it\" xml:lang=\"it\">pos<\/span>\u00e9e sur votre disque dur par le serveur du site que vous visitez. Il contient plusieurs donn\u00e9es qui sont stock\u00e9es sur votre ordinateur dans un simple fichier texte auquel un serveur acc\u00e8de pour lire et enregistrer des informations . Certaines parties de ce site ne peuvent \u00eatre fonctionnelles sans l<span lang=\"it\" xml:lang=\"it\">\u2019<\/span>acceptation de cookies.<\/p>\n<p class=\"Corps\">Liens hypertextes : Les sites internet de peuvent offrir des liens vers d<span lang=\"it\" xml:lang=\"it\">\u2019<\/span>autres sites internet ou d<span lang=\"it\" xml:lang=\"it\">\u2019<\/span>autres ressources disponibles sur Internet. Deko By Angel ne dispose d<span lang=\"it\" xml:lang=\"it\">\u2019<\/span>aucun moyen pour contr<span lang=\"it\" xml:lang=\"it\">\u00f4<\/span>ler les sites en connexion avec ses sites internet. Deko By Angel ne r\u00e9pond pas de la disponibilit\u00e9 de tels sites et sources externes, ni ne la garantit. Elle ne peut \u00eatre tenue pour responsable de tout dommage, de quelque nature que ce soit, r\u00e9sultant du contenu de ces sites ou sources externes, et notamment des informations, produits ou services qu<span lang=\"it\" xml:lang=\"it\">\u2019<\/span>ils proposent, ou de tout usage qui peut \u00eatre fait de ces \u00e9<span lang=\"it\" xml:lang=\"it\">l<\/span>\u00e9ments. Les risques li\u00e9<span lang=\"it\" xml:lang=\"it\">s <\/span>\u00e0 cette utilisation incombent pleinement \u00e0 <span lang=\"it\" xml:lang=\"it\">l\u2019<\/span>internaute, qui doit se conformer \u00e0 leurs conditions d<span lang=\"it\" xml:lang=\"it\">\u2019<\/span>utilisation.<\/p>\n<p><\/p>\n<p class=\"Corps\"><strong>Services fournis :<\/strong><\/p>\n<p class=\"Corps\"><span lang=\"it\" xml:lang=\"it\">L\u2019<\/span>ensemble des activit\u00e9s de la soci\u00e9<span lang=\"it\" xml:lang=\"it\">t<\/span>\u00e9 ainsi que ses informations sont pr\u00e9<span lang=\"it\" xml:lang=\"it\">sent<\/span>\u00e9s sur notre site http:\/\/dekobyangel.fr\/.<\/p>\n<p class=\"Corps\"><span lang=\"de\" xml:lang=\"de\">Deko By Angel <\/span><span lang=\"it\" xml:lang=\"it\">s\u2019<\/span>efforce de fournir sur le site http:\/dekobyangel.fr\/ des informations aussi pr\u00e9cises que possible. Les renseignements figurant sur le site http:\/dekobyangel.fr\/ ne sont pas exhaustifs et les photos non contractuelles. Ils sont donn\u00e9s sous r\u00e9serve de modifications ayant \u00e9<span lang=\"it\" xml:lang=\"it\">t<\/span>\u00e9 apport\u00e9es depuis leur mise en ligne. Par ailleurs, tous les informations indiqu\u00e9es sur le site http:\/dekobyangel.fr\/ sont donn\u00e9es \u00e0 titre indicatif, et sont susceptibles de changer ou d\u2019\u00e9voluer sans pr\u00e9<span lang=\"pt\" xml:lang=\"pt\">avis.<\/span><\/p>\n<p class=\"Corps\"><span lang=\"pt\" xml:lang=\"pt\">&nbsp;<\/span><\/p>\n<p class=\"Corps\"><strong>Limitation contractuelles sur les donn\u00e9es :<\/strong><\/p>\n<p class=\"Corps\">Les informations contenues sur ce site sont aussi pr\u00e9cises que possible et le site remis \u00e0 jour \u00e0 <span lang=\"en-us\" xml:lang=\"en-us\">diff<\/span>\u00e9<span lang=\"pt\" xml:lang=\"pt\">rentes p<\/span>\u00e9riodes de l<span lang=\"it\" xml:lang=\"it\">\u2019ann<\/span>\u00e9e, mais peut toutefois contenir des inexactitudes ou des omissions. Si vous constatez une lacune, erreur ou ce qui parait \u00eatre un dysfonctionnement, merci de bien vouloir le signaler par email, \u00e0 <span lang=\"it\" xml:lang=\"it\">l\u2019<\/span>adresse dekobyangel@gmail.com, en d\u00e9crivant le probl\u00e8me de la mani\u00e8re la plus pr\u00e9cise possible (page posant probl\u00e8<span lang=\"en-us\" xml:lang=\"en-us\">me, type d<\/span><span lang=\"it\" xml:lang=\"it\">\u2019<\/span>ordinateur et de navigateur utilis\u00e9<span lang=\"it\" xml:lang=\"it\">, \u2026).<\/span><\/p>\n<p class=\"Corps\">Tout contenu t\u00e9<span lang=\"it\" xml:lang=\"it\">l<\/span>\u00e9<span lang=\"en-us\" xml:lang=\"en-us\">charg<\/span>\u00e9 se fait aux risques et p\u00e9rils de l<span lang=\"it\" xml:lang=\"it\">\u2019<\/span>utilisateur et sous sa seule responsabilit\u00e9<span lang=\"es-trad\" xml:lang=\"es-trad\">. En cons<\/span>\u00e9quence, ne saurait \u00eatre tenu responsable d<span lang=\"it\" xml:lang=\"it\">\u2019<\/span>un quelconque dommage subi par l<span lang=\"it\" xml:lang=\"it\">\u2019<\/span>ordinateur de l<span lang=\"it\" xml:lang=\"it\">\u2019<\/span>utilisateur ou d<span lang=\"it\" xml:lang=\"it\">\u2019<\/span>une quelconque perte de donn\u00e9es cons\u00e9cutives au t\u00e9<span lang=\"it\" xml:lang=\"it\">l<\/span>\u00e9chargement. De plus, l<span lang=\"it\" xml:lang=\"it\">\u2019<\/span>utilisateur du site s<span lang=\"it\" xml:lang=\"it\">\u2019<\/span>engage \u00e0 <span lang=\"it\" xml:lang=\"it\">acc<\/span>\u00e9der au site en utilisant un mat\u00e9<span lang=\"es-trad\" xml:lang=\"es-trad\">riel r<\/span>\u00e9cent, ne contenant pas de virus et avec un navigateur de derni\u00e8<span lang=\"it\" xml:lang=\"it\">re g<\/span>\u00e9<span lang=\"it\" xml:lang=\"it\">n<\/span>\u00e9ration mis-\u00e0<span lang=\"it\" xml:lang=\"it\">-jour.<\/span><\/p>\n<p class=\"Corps\">Les liens hypertextes mis en place dans le cadre du pr\u00e9sent site internet en direction d<span lang=\"it\" xml:lang=\"it\">\u2019<\/span>autres ressources pr\u00e9sentes sur le r\u00e9seau Internet ne sauraient engager la responsabilit\u00e9 <span lang=\"de\" xml:lang=\"de\">de Deko By Angel.<\/span><\/p>\n<p class=\"Corps\"><span lang=\"it\" xml:lang=\"it\">&nbsp;<\/span><\/p>\n<p class=\"Corps\"><strong><span lang=\"it\" xml:lang=\"it\">Propri<\/span><\/strong><strong>\u00e9<span lang=\"it\" xml:lang=\"it\">t<\/span><\/strong><strong>\u00e9 intellectuelle :<\/strong><\/p>\n<p class=\"Corps\">Tout le contenu du pr\u00e9<span lang=\"en-us\" xml:lang=\"en-us\">sent site http:\/\/dekobyangel.fr\/, incluant, de fa<\/span><span lang=\"pt\" xml:lang=\"pt\">\u00e7<\/span>on non limitative, les graphismes, images, textes, vid\u00e9os, animations, sons, logos, gifs et ic<span lang=\"it\" xml:lang=\"it\">\u00f4<\/span>nes ainsi que leur mise en forme sont la propri\u00e9<span lang=\"it\" xml:lang=\"it\">t<\/span>\u00e9 exclusive de la soci\u00e9<span lang=\"it\" xml:lang=\"it\">t<\/span>\u00e9 \u00e0 <span lang=\"it\" xml:lang=\"it\">l\u2019<\/span>exception des marques, logos ou contenus appartenant \u00e0 <span lang=\"it\" xml:lang=\"it\">d\u2019<\/span>autres soci\u00e9<span lang=\"it\" xml:lang=\"it\">t<\/span>\u00e9s partenaires ou auteurs.<\/p>\n<p class=\"Corps\">Toute reproduction, distribution, modification, adaptation, retransmission ou publication, m\u00eame partielle, de ces diff\u00e9<span lang=\"en-us\" xml:lang=\"en-us\">rents <\/span>\u00e9<span lang=\"it\" xml:lang=\"it\">l<\/span>\u00e9ments est strictement interdite sans l<span lang=\"it\" xml:lang=\"it\">\u2019<\/span><span lang=\"en-us\" xml:lang=\"en-us\">accord expr<\/span>\u00e8s par \u00e9crit de Deko By Angel. Cette repr\u00e9sentation ou reproduction, par quelque proc\u00e9<span lang=\"it\" xml:lang=\"it\">d<\/span>\u00e9 que ce soit, constitue une contrefa<span lang=\"pt\" xml:lang=\"pt\">\u00e7<\/span>on sanctionn\u00e9e par les articles L.335-2 et suivants du Code de la propri\u00e9<span lang=\"it\" xml:lang=\"it\">t<\/span>\u00e9 intellectuelle. Le non-respect de cette interdiction constitue une contrefa<span lang=\"pt\" xml:lang=\"pt\">\u00e7<\/span>on pouvant engager la responsabilit\u00e9 civile et p\u00e9nale du contrefacteur. En outre, les propri\u00e9taires des Contenus copi\u00e9s pourraient intenter une action en justice \u00e0 votre encontre.<\/p>\n<p class=\"Corps\"><span lang=\"it\" xml:lang=\"it\">&nbsp;<\/span><\/p>\n<p class=\"Corps\"><strong><span lang=\"de\" xml:lang=\"de\">Litiges<\/span><\/strong> :<\/p>\n<p class=\"Corps\">Les pr\u00e9sentes conditions du site http:\/\/dekobyangel.fr\/ sont r\u00e9gies par les lois fran<span lang=\"pt\" xml:lang=\"pt\">\u00e7<\/span>aises et toute contestation ou litiges qui pourraient na<span lang=\"it\" xml:lang=\"it\">\u00ee<\/span>tre de l<span lang=\"it\" xml:lang=\"it\">\u2019interpr<\/span>\u00e9tation ou de l<span lang=\"it\" xml:lang=\"it\">\u2019ex<\/span>\u00e9cution de celles-ci seront de la comp\u00e9tence exclusive des tribunaux dont d\u00e9pend le si\u00e8ge social de la soci\u00e9<span lang=\"it\" xml:lang=\"it\">t<\/span>\u00e9. La langue de r\u00e9<span lang=\"it\" xml:lang=\"it\">f<\/span>\u00e9rence, pour le r\u00e8glement de contentieux \u00e9ventuels, est le fran<span lang=\"pt\" xml:lang=\"pt\">\u00e7ais.<\/span><\/p>\n<p class=\"Corps\"><span lang=\"it\" xml:lang=\"it\">&nbsp;<\/span><\/p>\n<p class=\"Corps\"><strong><span lang=\"de\" xml:lang=\"de\">Donn<\/span><\/strong><strong>\u00e9es personnelles :<\/strong><\/p>\n<p class=\"Corps\"><span lang=\"nl\" xml:lang=\"nl\">De mani<\/span>\u00e8<span lang=\"it\" xml:lang=\"it\">re g<\/span>\u00e9<span lang=\"it\" xml:lang=\"it\">n<\/span>\u00e9rale, vous n\u2019\u00eates pas tenu de nous communiquer vos donn\u00e9es personnelles lorsque vous visitez notre site Internet http:\/\/dekobyangel.fr\/.<\/p>\n<p class=\"Corps\">Cependant, ce principe comporte certaines exceptions. En effet, pour certains services propos\u00e9s par notre site, vous pouvez \u00eatre amen\u00e9<span lang=\"it\" xml:lang=\"it\">s <\/span>\u00e0 nous communiquer certaines donn\u00e9es telles que : votre nom, votre fonction, le nom de votre soci\u00e9<span lang=\"it\" xml:lang=\"it\">t<\/span>\u00e9, votre adresse \u00e9lectronique, et votre num\u00e9<span lang=\"pt\" xml:lang=\"pt\">ro de t<\/span>\u00e9<span lang=\"it\" xml:lang=\"it\">l<\/span>\u00e9phone. Tel est le cas lorsque vous vous nous contacter via le formulaire de contact dans la page ou contact ou via le formulaire de devi.<\/p>\n<p class=\"Corps\">Dans le cas o\u00f9 vous acceptez que nous r\u00e9coltons certaines donn\u00e9es confidentielles, vous avez le droit <span lang=\"it\" xml:lang=\"it\">d\u2019acc<\/span>\u00e8s, de rectification, d<span lang=\"it\" xml:lang=\"it\">\u2019<\/span>opposition, d<span lang=\"it\" xml:lang=\"it\">\u2019e<\/span>ffacement, et \u00e9galement le droit \u00e0 <span lang=\"it\" xml:lang=\"it\">la portabilit<\/span>\u00e9 <span lang=\"da\" xml:lang=\"da\">et <\/span>\u00e0 la limitation du traitement de ces donn\u00e9es sur simple demande.<\/p>\n<p class=\"Corps\">Dans tous les cas, vous pouvez refuser de fournir vos donn\u00e9es personnelles. Dans ce cas, vous ne pourrez pas utiliser les services du site, notamment celui de solliciter des renseignements sur notre soci\u00e9<span lang=\"it\" xml:lang=\"it\">t<\/span>\u00e9<span lang=\"it\" xml:lang=\"it\">.<\/span><\/p>\n<p class=\"Corps\">Enfin, nous pouvons collecter de mani\u00e8re automatique certaines informations vous concernant lors d<span lang=\"it\" xml:lang=\"it\">\u2019<\/span>une simple navigation sur notre site Internet, notamment : des informations concernant l<span lang=\"it\" xml:lang=\"it\">\u2019<\/span>utilisation de notre site, comme les zones que vous visitez et les services auxquels vous acc\u00e9dez, votre adresse IP, le type de votre navigateur, vos temps d<span lang=\"it\" xml:lang=\"it\">\u2019acc<\/span>\u00e8<span lang=\"pt\" xml:lang=\"pt\">s.<\/span><\/p>\n<p class=\"Corps\">De telles informations sont utilis\u00e9es exclusivement \u00e0 des fins de statistiques internes, de mani\u00e8<span lang=\"it\" xml:lang=\"it\">re <\/span>\u00e0 <span lang=\"it\" xml:lang=\"it\">am<\/span>\u00e9liorer la qualit\u00e9 des services qui vous sont propos\u00e9s. Les bases de donn\u00e9es sont prot\u00e9<span lang=\"it\" xml:lang=\"it\">g<\/span>\u00e9es par les dispositions de la loi du 1er juillet 1998 transposant la directive 96\/9 du 11 mars 1996 relative \u00e0 la protection juridique des bases de donn\u00e9<span lang=\"pt\" xml:lang=\"pt\">es.<\/span><\/p>\t\t\t\t\t<\/div>\n\t\t\t\t\t\t<\/div>\n\t\t\t\t<\/div>\n\t\t\t\t\t\t<\/div>\n\t\t\t\t\t<\/div>\n\t\t<\/div>\n\t\t\t\t\t\t\t\t<\/div>\n\t\t\t\t\t<\/div>\n\t\t<\/section>\n\t\t\t\t\t\t\t\t\t<\/div>\n\t\t\t<\/div>\n\t\t\t\t\t<\/div>\n\t\t","protected":false},"excerpt":{"rendered":"<p>Editeur du Site : Nom Client : Deko by AngelNum\u00e9ro de SIRET : 848 581 005 00016Adresse Client : 34 bis rue Clarisse 59320 Haubourdin,&hellip;<\/p>\n","protected":false},"author":1,"featured_media":0,"parent":0,"menu_order":0,"comment_status":"closed","ping_status":"closed","template":"","meta":{"footnotes":""},"class_list":["post-1516","page","type-page","status-publish","hentry"],"yoast_head":"<!-- This site is optimized with the Yoast SEO plugin v14.9 - https:\/\/yoast.com\/wordpress\/plugins\/seo\/ -->\n<title>Mentions L\u00e9gales - Deko By Angel<\/title>\n<meta name=\"description\" content=\"Location de mat\u00e9riel et de d\u00e9coration pour vos \u00e9v\u00e9nements professionnels ou priv\u00e9smange debout, tables, chaises, d\u00e9coration, vaisselles, bar \u00e0 th\u00e8me.\" \/>\n<meta name=\"robots\" content=\"index, follow, max-snippet:-1, max-image-preview:large, max-video-preview:-1\" \/>\n<link rel=\"canonical\" href=\"https:\/\/dekobyangel.fr\/?page_id=1516\" \/>\n<meta property=\"og:locale\" content=\"fr_FR\" \/>\n<meta property=\"og:type\" content=\"article\" \/>\n<meta property=\"og:title\" content=\"Mentions L\u00e9gales - Deko By Angel\" \/>\n<meta property=\"og:description\" content=\"Location de mat\u00e9riel et de d\u00e9coration pour vos \u00e9v\u00e9nements professionnels ou priv\u00e9smange debout, tables, chaises, d\u00e9coration, vaisselles, bar \u00e0 th\u00e8me.\" \/>\n<meta property=\"og:url\" content=\"https:\/\/dekobyangel.fr\/?page_id=1516\" \/>\n<meta property=\"article:modified_time\" content=\"2020-09-30T07:46:28+00:00\" \/>\n<meta name=\"twitter:card\" content=\"summary_large_image\" \/>\n<script type=\"application\/ld+json\" class=\"yoast-schema-graph\">{\"@context\":\"https:\/\/schema.org\",\"@graph\":[{\"@type\":\"Organization\",\"@id\":\"https:\/\/dekobyangel.fr\/#organization\",\"name\":\"Deko by Angel\",\"url\":\"https:\/\/dekobyangel.fr\/\",\"sameAs\":[],\"logo\":{\"@type\":\"ImageObject\",\"@id\":\"https:\/\/dekobyangel.fr\/#logo\",\"inLanguage\":\"fr-FR\",\"url\":\"https:\/\/dekobyangel.fr\/wp-content\/uploads\/2020\/09\/deko-logo-2.png\",\"width\":600,\"height\":225,\"caption\":\"Deko by Angel\"},\"image\":{\"@id\":\"https:\/\/dekobyangel.fr\/#logo\"}},{\"@type\":\"WebSite\",\"@id\":\"https:\/\/dekobyangel.fr\/#website\",\"url\":\"https:\/\/dekobyangel.fr\/\",\"name\":\"\",\"description\":\"\",\"publisher\":{\"@id\":\"https:\/\/dekobyangel.fr\/#organization\"},\"potentialAction\":[{\"@type\":\"SearchAction\",\"target\":\"https:\/\/dekobyangel.fr\/?s={search_term_string}\",\"query-input\":\"required name=search_term_string\"}],\"inLanguage\":\"fr-FR\"},{\"@type\":\"WebPage\",\"@id\":\"https:\/\/dekobyangel.fr\/?page_id=1516#webpage\",\"url\":\"https:\/\/dekobyangel.fr\/?page_id=1516\",\"name\":\"Mentions L\\u00e9gales - Deko By Angel\",\"isPartOf\":{\"@id\":\"https:\/\/dekobyangel.fr\/#website\"},\"datePublished\":\"2019-02-15T16:12:25+00:00\",\"dateModified\":\"2020-09-30T07:46:28+00:00\",\"description\":\"Location de mat\\u00e9riel et de d\\u00e9coration pour vos \\u00e9v\\u00e9nements professionnels ou priv\\u00e9smange debout, tables, chaises, d\\u00e9coration, vaisselles, bar \\u00e0 th\\u00e8me.\",\"inLanguage\":\"fr-FR\",\"potentialAction\":[{\"@type\":\"ReadAction\",\"target\":[\"https:\/\/dekobyangel.fr\/?page_id=1516\"]}]}]}<\/script>\n<!-- \/ Yoast SEO plugin. -->","_links":{"self":[{"href":"https:\/\/dekobyangel.fr\/index.php?rest_route=\/wp\/v2\/pages\/1516","targetHints":{"allow":["GET"]}}],"collection":[{"href":"https:\/\/dekobyangel.fr\/index.php?rest_route=\/wp\/v2\/pages"}],"about":[{"href":"https:\/\/dekobyangel.fr\/index.php?rest_route=\/wp\/v2\/types\/page"}],"author":[{"embeddable":true,"href":"https:\/\/dekobyangel.fr\/index.php?rest_route=\/wp\/v2\/users\/1"}],"replies":[{"embeddable":true,"href":"https:\/\/dekobyangel.fr\/index.php?rest_route=%2Fwp%2Fv2%2Fcomments&post=1516"}],"version-history":[{"count":3,"href":"https:\/\/dekobyangel.fr\/index.php?rest_route=\/wp\/v2\/pages\/1516\/revisions"}],"predecessor-version":[{"id":1711,"href":"https:\/\/dekobyangel.fr\/index.php?rest_route=\/wp\/v2\/pages\/1516\/revisions\/1711"}],"wp:attachment":[{"href":"https:\/\/dekobyangel.fr\/index.php?rest_route=%2Fwp%2Fv2%2Fmedia&parent=1516"}],"curies":[{"name":"wp","href":"https:\/\/api.w.org\/{rel}","templated":true}]}}