{"id":198,"date":"2018-03-26T10:48:52","date_gmt":"2018-03-26T08:48:52","guid":{"rendered":"https:\/\/dekobyangel.fr\/?page_id=198"},"modified":"2026-02-02T14:32:27","modified_gmt":"2026-02-02T13:32:27","slug":"accueil","status":"publish","type":"page","link":"https:\/\/dekobyangel.fr\/","title":{"rendered":"Home"},"content":{"rendered":"\t\t<div data-elementor-type=\"wp-page\" data-elementor-id=\"198\" class=\"elementor elementor-198\">\n\t\t\t\t\t\t<div class=\"elementor-inner\">\n\t\t\t\t<div class=\"elementor-section-wrap\">\n\t\t\t\t\t\t\t\t\t<section class=\"elementor-section elementor-top-section elementor-element elementor-element-ba99d3a elementor-section-height-min-height elementor-section-stretched elementor-section-boxed elementor-section-height-default elementor-section-items-middle\" data-id=\"ba99d3a\" data-element_type=\"section\" data-settings=\"{&quot;background_background&quot;:&quot;classic&quot;,&quot;stretch_section&quot;:&quot;section-stretched&quot;}\">\n\t\t\t\t\t\t\t<div class=\"elementor-background-overlay\"><\/div>\n\t\t\t\t\t\t\t<div class=\"elementor-container elementor-column-gap-default\">\n\t\t\t\t\t\t\t<div class=\"elementor-row\">\n\t\t\t\t\t<div class=\"elementor-column elementor-col-100 elementor-top-column elementor-element elementor-element-7c54dd67\" data-id=\"7c54dd67\" data-element_type=\"column\">\n\t\t\t<div class=\"elementor-column-wrap elementor-element-populated\">\n\t\t\t\t\t\t\t<div class=\"elementor-widget-wrap\">\n\t\t\t\t\t\t<div class=\"elementor-element elementor-element-71d1697e elementor-widget elementor-widget-heading\" data-id=\"71d1697e\" data-element_type=\"widget\" data-widget_type=\"heading.default\">\n\t\t\t\t<div class=\"elementor-widget-container\">\n\t\t\t<h2 class=\"elementor-heading-title elementor-size-large\">Cr\u00e9atrice d'ambiance<\/h2>\t\t<\/div>\n\t\t\t\t<\/div>\n\t\t\t\t<div class=\"elementor-element elementor-element-33ec1816 elementor-widget-divider--view-line elementor-widget elementor-widget-divider\" data-id=\"33ec1816\" data-element_type=\"widget\" data-widget_type=\"divider.default\">\n\t\t\t\t<div class=\"elementor-widget-container\">\n\t\t\t\t\t<div class=\"elementor-divider\">\n\t\t\t<span class=\"elementor-divider-separator\">\n\t\t\t\t\t\t<\/span>\n\t\t<\/div>\n\t\t\t\t<\/div>\n\t\t\t\t<\/div>\n\t\t\t\t<div class=\"elementor-element elementor-element-4eb0757e elementor-widget elementor-widget-heading\" data-id=\"4eb0757e\" data-element_type=\"widget\" data-widget_type=\"heading.default\">\n\t\t\t\t<div class=\"elementor-widget-container\">\n\t\t\t<p class=\"elementor-heading-title elementor-size-medium\">Mon imagination \u00e0 votre service,<br>faites appel \u00e0 Deko By Angel<br>et vos f\u00eates seront plus belles !<\/p>\t\t<\/div>\n\t\t\t\t<\/div>\n\t\t\t\t\t\t<\/div>\n\t\t\t\t\t<\/div>\n\t\t<\/div>\n\t\t\t\t\t\t\t\t<\/div>\n\t\t\t\t\t<\/div>\n\t\t<\/section>\n\t\t\t\t<section class=\"elementor-section elementor-top-section elementor-element elementor-element-1b4e9ccb elementor-section-content-middle elementor-section-boxed elementor-section-height-default elementor-section-height-default\" data-id=\"1b4e9ccb\" data-element_type=\"section\">\n\t\t\t\t\t\t<div class=\"elementor-container elementor-column-gap-no\">\n\t\t\t\t\t\t\t<div class=\"elementor-row\">\n\t\t\t\t\t<div class=\"elementor-column elementor-col-100 elementor-top-column elementor-element elementor-element-48c9465b\" data-id=\"48c9465b\" data-element_type=\"column\">\n\t\t\t<div class=\"elementor-column-wrap elementor-element-populated\">\n\t\t\t\t\t\t\t<div class=\"elementor-widget-wrap\">\n\t\t\t\t\t\t<div class=\"elementor-element elementor-element-6191157f elementor-widget elementor-widget-heading\" data-id=\"6191157f\" data-element_type=\"widget\" data-widget_type=\"heading.default\">\n\t\t\t\t<div class=\"elementor-widget-container\">\n\t\t\t<h4 class=\"elementor-heading-title elementor-size-default\">Organisation, installation, prestation...<\/h4>\t\t<\/div>\n\t\t\t\t<\/div>\n\t\t\t\t<div class=\"elementor-element elementor-element-08568cd elementor-widget-divider--view-line elementor-widget elementor-widget-divider\" data-id=\"08568cd\" data-element_type=\"widget\" data-widget_type=\"divider.default\">\n\t\t\t\t<div class=\"elementor-widget-container\">\n\t\t\t\t\t<div class=\"elementor-divider\">\n\t\t\t<span class=\"elementor-divider-separator\">\n\t\t\t\t\t\t<\/span>\n\t\t<\/div>\n\t\t\t\t<\/div>\n\t\t\t\t<\/div>\n\t\t\t\t<div class=\"elementor-element elementor-element-3b9fa3c1 elementor-widget elementor-widget-text-editor\" data-id=\"3b9fa3c1\" data-element_type=\"widget\" data-widget_type=\"text-editor.default\">\n\t\t\t\t<div class=\"elementor-widget-container\">\n\t\t\t\t\t\t\t\t<div class=\"elementor-text-editor elementor-clearfix\">\n\t\t\t\t<p>Etude de votre projet, cr\u00e9ation de planche photo pour la d\u00e9coration.\u00a0<br \/><span style=\"font-family: var( --e-global-typography-text-font-family );\">Tout est modulable suivant vos besoins.<\/span><span style=\"font-family: var( --e-global-typography-text-font-family );\">\u00a0<br \/><\/span><span style=\"font-family: var( --e-global-typography-text-font-family );\">Collaborations avec divers prestataires pour une prestation cl\u00e9 en main (traiteur, fleur, animation&#8230;).<br \/><\/span><span style=\"font-family: var( --e-global-typography-text-font-family );\">Rendez-vous dans nos locaux \u00e0 Haubourdin, \u00e0 votre domicile ou sur le lieu de votre \u00e9v\u00e9nement.<\/span><\/p><p><a href=\"https:\/\/dekobyangel.fr\/?page_id=1359\"><span style=\"font-family: Roboto;\">&#8211;<\/span><\/a><span style=\"font-family: Roboto;\"> En savoir plus sur <\/span><span style=\"text-decoration: underline;\"><strong><a href=\"https:\/\/dekobyangel.fr\/?page_id=1359\"><span style=\"font-family: Roboto;\">nos prestations<\/span><\/a><\/strong><\/span><a href=\"https:\/\/dekobyangel.fr\/?page_id=1359\"><span style=\"font-family: Roboto;\"> &#8211;<\/span><\/a><\/p>\t\t\t\t\t<\/div>\n\t\t\t\t\t\t<\/div>\n\t\t\t\t<\/div>\n\t\t\t\t\t\t<\/div>\n\t\t\t\t\t<\/div>\n\t\t<\/div>\n\t\t\t\t\t\t\t\t<\/div>\n\t\t\t\t\t<\/div>\n\t\t<\/section>\n\t\t\t\t<section class=\"elementor-section elementor-top-section elementor-element elementor-element-6eb86553 elementor-section-stretched elementor-section-boxed elementor-section-height-default elementor-section-height-default\" data-id=\"6eb86553\" data-element_type=\"section\" data-settings=\"{&quot;background_background&quot;:&quot;classic&quot;,&quot;stretch_section&quot;:&quot;section-stretched&quot;}\">\n\t\t\t\t\t\t\t<div class=\"elementor-background-overlay\"><\/div>\n\t\t\t\t\t\t\t<div class=\"elementor-container elementor-column-gap-default\">\n\t\t\t\t\t\t\t<div class=\"elementor-row\">\n\t\t\t\t\t<div class=\"elementor-column elementor-col-100 elementor-top-column elementor-element elementor-element-e9de70\" data-id=\"e9de70\" data-element_type=\"column\">\n\t\t\t<div class=\"elementor-column-wrap elementor-element-populated\">\n\t\t\t\t\t\t\t<div class=\"elementor-widget-wrap\">\n\t\t\t\t\t\t<div class=\"elementor-element elementor-element-49d52f32 elementor-widget elementor-widget-heading\" data-id=\"49d52f32\" data-element_type=\"widget\" data-widget_type=\"heading.default\">\n\t\t\t\t<div class=\"elementor-widget-container\">\n\t\t\t<h2 class=\"elementor-heading-title elementor-size-large\">D\u00e9couvrez tout nos accessoires et d\u00e9corations !<\/h2>\t\t<\/div>\n\t\t\t\t<\/div>\n\t\t\t\t<div class=\"elementor-element elementor-element-36d54196 elementor-widget elementor-widget-heading\" data-id=\"36d54196\" data-element_type=\"widget\" data-widget_type=\"heading.default\">\n\t\t\t\t<div class=\"elementor-widget-container\">\n\t\t\t<p class=\"elementor-heading-title elementor-size-medium\">Location, location longue dur\u00e9e, livraison, installation sur devis<\/p>\t\t<\/div>\n\t\t\t\t<\/div>\n\t\t\t\t<div class=\"elementor-element elementor-element-1125240 elementor-widget elementor-widget-button\" data-id=\"1125240\" data-element_type=\"widget\" data-widget_type=\"button.default\">\n\t\t\t\t<div class=\"elementor-widget-container\">\n\t\t\t\t\t<div class=\"elementor-button-wrapper\">\n\t\t\t<a href=\"https:\/\/dekobyangel.fr\/wp-content\/uploads\/2026\/02\/CATALOGUE-DEKO-BY-ANGEL-2026-01.pdf\" target=\"_blank\" class=\"elementor-button-link elementor-button elementor-size-md\" role=\"button\">\n\t\t\t\t\t\t<span class=\"elementor-button-content-wrapper\">\n\t\t\t\t\t\t<span class=\"elementor-button-text\">T\u00e9l\u00e9chargez le catalogue<\/span>\n\t\t<\/span>\n\t\t\t\t\t<\/a>\n\t\t<\/div>\n\t\t\t\t<\/div>\n\t\t\t\t<\/div>\n\t\t\t\t\t\t<\/div>\n\t\t\t\t\t<\/div>\n\t\t<\/div>\n\t\t\t\t\t\t\t\t<\/div>\n\t\t\t\t\t<\/div>\n\t\t<\/section>\n\t\t\t\t<section class=\"elementor-section elementor-top-section elementor-element elementor-element-c84b139 elementor-section-full_width elementor-section-height-default elementor-section-height-default\" data-id=\"c84b139\" data-element_type=\"section\">\n\t\t\t\t\t\t<div class=\"elementor-container elementor-column-gap-default\">\n\t\t\t\t\t\t\t<div class=\"elementor-row\">\n\t\t\t\t\t<div class=\"elementor-column elementor-col-100 elementor-top-column elementor-element elementor-element-2875e74\" data-id=\"2875e74\" data-element_type=\"column\">\n\t\t\t<div class=\"elementor-column-wrap elementor-element-populated\">\n\t\t\t\t\t\t\t<div class=\"elementor-widget-wrap\">\n\t\t\t\t\t\t<div class=\"elementor-element elementor-element-603ecd0 elementor-widget elementor-widget-heading\" data-id=\"603ecd0\" data-element_type=\"widget\" data-widget_type=\"heading.default\">\n\t\t\t\t<div class=\"elementor-widget-container\">\n\t\t\t<h4 class=\"elementor-heading-title elementor-size-xxl\">Liens Partenaires<\/h4>\t\t<\/div>\n\t\t\t\t<\/div>\n\t\t\t\t<div class=\"elementor-element elementor-element-7e8a5fb elementor-widget-divider--view-line elementor-widget elementor-widget-divider\" data-id=\"7e8a5fb\" data-element_type=\"widget\" data-widget_type=\"divider.default\">\n\t\t\t\t<div class=\"elementor-widget-container\">\n\t\t\t\t\t<div class=\"elementor-divider\">\n\t\t\t<span class=\"elementor-divider-separator\">\n\t\t\t\t\t\t<\/span>\n\t\t<\/div>\n\t\t\t\t<\/div>\n\t\t\t\t<\/div>\n\t\t\t\t\t\t<\/div>\n\t\t\t\t\t<\/div>\n\t\t<\/div>\n\t\t\t\t\t\t\t\t<\/div>\n\t\t\t\t\t<\/div>\n\t\t<\/section>\n\t\t\t\t<section class=\"elementor-section elementor-top-section elementor-element elementor-element-e65eb4f elementor-section-boxed elementor-section-height-default elementor-section-height-default\" data-id=\"e65eb4f\" data-element_type=\"section\">\n\t\t\t\t\t\t<div class=\"elementor-container elementor-column-gap-default\">\n\t\t\t\t\t\t\t<div class=\"elementor-row\">\n\t\t\t\t\t<div class=\"elementor-column elementor-col-25 elementor-top-column elementor-element elementor-element-80a3fef\" data-id=\"80a3fef\" data-element_type=\"column\">\n\t\t\t<div class=\"elementor-column-wrap elementor-element-populated\">\n\t\t\t\t\t\t\t<div class=\"elementor-widget-wrap\">\n\t\t\t\t\t\t<div class=\"elementor-element elementor-element-a0e99db elementor-widget elementor-widget-image\" data-id=\"a0e99db\" data-element_type=\"widget\" data-widget_type=\"image.default\">\n\t\t\t\t<div class=\"elementor-widget-container\">\n\t\t\t\t\t\t\t\t<div class=\"elementor-image\">\n\t\t\t\t\t\t\t\t\t\t\t\t\t<a href=\"https:\/\/fr-fr.facebook.com\/decideursenor\/\" target=\"_blank\">\n\t\t\t\t\t\t\t<img loading=\"lazy\" decoding=\"async\" width=\"225\" height=\"225\" src=\"https:\/\/dekobyangel.fr\/wp-content\/uploads\/2020\/12\/logo-decideurs-1.jpg\" class=\"attachment-medium size-medium\" alt=\"\" srcset=\"https:\/\/dekobyangel.fr\/wp-content\/uploads\/2020\/12\/logo-decideurs-1.jpg 225w, https:\/\/dekobyangel.fr\/wp-content\/uploads\/2020\/12\/logo-decideurs-1-150x150.jpg 150w\" sizes=\"auto, (max-width: 225px) 100vw, 225px\" \/>\t\t\t\t\t\t\t\t<\/a>\n\t\t\t\t\t\t\t\t\t\t\t\t\t\t<\/div>\n\t\t\t\t\t\t<\/div>\n\t\t\t\t<\/div>\n\t\t\t\t\t\t<\/div>\n\t\t\t\t\t<\/div>\n\t\t<\/div>\n\t\t\t\t<div class=\"elementor-column elementor-col-25 elementor-top-column elementor-element elementor-element-8a76f1d\" data-id=\"8a76f1d\" data-element_type=\"column\">\n\t\t\t<div class=\"elementor-column-wrap elementor-element-populated\">\n\t\t\t\t\t\t\t<div class=\"elementor-widget-wrap\">\n\t\t\t\t\t\t<div class=\"elementor-element elementor-element-dd144a1 elementor-widget elementor-widget-image\" data-id=\"dd144a1\" data-element_type=\"widget\" data-widget_type=\"image.default\">\n\t\t\t\t<div class=\"elementor-widget-container\">\n\t\t\t\t\t\t\t\t<div class=\"elementor-image\">\n\t\t\t\t\t\t\t\t\t\t\t\t\t<a href=\"http:\/\/www.mariages.net\" target=\"_blank\">\n\t\t\t\t\t\t\t<img loading=\"lazy\" decoding=\"async\" width=\"225\" height=\"225\" src=\"https:\/\/dekobyangel.fr\/wp-content\/uploads\/2020\/12\/logo-mariages.net_-1.jpg\" class=\"attachment-medium size-medium\" alt=\"\" srcset=\"https:\/\/dekobyangel.fr\/wp-content\/uploads\/2020\/12\/logo-mariages.net_-1.jpg 225w, https:\/\/dekobyangel.fr\/wp-content\/uploads\/2020\/12\/logo-mariages.net_-1-150x150.jpg 150w\" sizes=\"auto, (max-width: 225px) 100vw, 225px\" \/>\t\t\t\t\t\t\t\t<\/a>\n\t\t\t\t\t\t\t\t\t\t\t\t\t\t<\/div>\n\t\t\t\t\t\t<\/div>\n\t\t\t\t<\/div>\n\t\t\t\t\t\t<\/div>\n\t\t\t\t\t<\/div>\n\t\t<\/div>\n\t\t\t\t<div class=\"elementor-column elementor-col-25 elementor-top-column elementor-element elementor-element-30ed6e7\" data-id=\"30ed6e7\" data-element_type=\"column\">\n\t\t\t<div class=\"elementor-column-wrap elementor-element-populated\">\n\t\t\t\t\t\t\t<div class=\"elementor-widget-wrap\">\n\t\t\t\t\t\t<div class=\"elementor-element elementor-element-8d0d79d elementor-widget elementor-widget-image\" data-id=\"8d0d79d\" data-element_type=\"widget\" data-widget_type=\"image.default\">\n\t\t\t\t<div class=\"elementor-widget-container\">\n\t\t\t\t\t\t\t\t<div class=\"elementor-image\">\n\t\t\t\t\t\t\t\t\t\t\t\t\t<a href=\"http:\/\/www.tomd-sono.com\" target=\"_blank\">\n\t\t\t\t\t\t\t<img loading=\"lazy\" decoding=\"async\" width=\"225\" height=\"225\" src=\"https:\/\/dekobyangel.fr\/wp-content\/uploads\/2020\/12\/Logo-TomD-Sono-GRAND-1-1.jpg\" class=\"attachment-medium size-medium\" alt=\"\" srcset=\"https:\/\/dekobyangel.fr\/wp-content\/uploads\/2020\/12\/Logo-TomD-Sono-GRAND-1-1.jpg 225w, https:\/\/dekobyangel.fr\/wp-content\/uploads\/2020\/12\/Logo-TomD-Sono-GRAND-1-1-150x150.jpg 150w\" sizes=\"auto, (max-width: 225px) 100vw, 225px\" \/>\t\t\t\t\t\t\t\t<\/a>\n\t\t\t\t\t\t\t\t\t\t\t\t\t\t<\/div>\n\t\t\t\t\t\t<\/div>\n\t\t\t\t<\/div>\n\t\t\t\t\t\t<\/div>\n\t\t\t\t\t<\/div>\n\t\t<\/div>\n\t\t\t\t<div class=\"elementor-column elementor-col-25 elementor-top-column elementor-element elementor-element-f2dcb89\" data-id=\"f2dcb89\" data-element_type=\"column\">\n\t\t\t<div class=\"elementor-column-wrap elementor-element-populated\">\n\t\t\t\t\t\t\t<div class=\"elementor-widget-wrap\">\n\t\t\t\t\t\t<div class=\"elementor-element elementor-element-c7d1728 elementor-widget elementor-widget-image\" data-id=\"c7d1728\" data-element_type=\"widget\" data-widget_type=\"image.default\">\n\t\t\t\t<div class=\"elementor-widget-container\">\n\t\t\t\t\t\t\t\t<div class=\"elementor-image\">\n\t\t\t\t\t\t\t\t\t\t\t\t\t<a href=\"http:\/\/www.thorevents.fr\" target=\"_blank\">\n\t\t\t\t\t\t\t<img loading=\"lazy\" decoding=\"async\" width=\"225\" height=\"225\" src=\"https:\/\/dekobyangel.fr\/wp-content\/uploads\/2020\/12\/logothorevents_V2-1.jpg\" class=\"attachment-medium size-medium\" alt=\"\" srcset=\"https:\/\/dekobyangel.fr\/wp-content\/uploads\/2020\/12\/logothorevents_V2-1.jpg 225w, https:\/\/dekobyangel.fr\/wp-content\/uploads\/2020\/12\/logothorevents_V2-1-150x150.jpg 150w\" sizes=\"auto, (max-width: 225px) 100vw, 225px\" \/>\t\t\t\t\t\t\t\t<\/a>\n\t\t\t\t\t\t\t\t\t\t\t\t\t\t<\/div>\n\t\t\t\t\t\t<\/div>\n\t\t\t\t<\/div>\n\t\t\t\t\t\t<\/div>\n\t\t\t\t\t<\/div>\n\t\t<\/div>\n\t\t\t\t\t\t\t\t<\/div>\n\t\t\t\t\t<\/div>\n\t\t<\/section>\n\t\t\t\t\t\t\t\t\t<\/div>\n\t\t\t<\/div>\n\t\t\t\t\t<\/div>\n\t\t","protected":false},"excerpt":{"rendered":"<p>Cr\u00e9atrice d&rsquo;ambiance Mon imagination \u00e0 votre service,faites appel \u00e0 Deko By Angelet vos f\u00eates seront plus belles ! Organisation, installation, prestation&#8230; Etude de votre projet,&hellip;<\/p>\n","protected":false},"author":1,"featured_media":0,"parent":0,"menu_order":0,"comment_status":"closed","ping_status":"closed","template":"elementor_header_footer","meta":{"footnotes":""},"class_list":["post-198","page","type-page","status-publish","hentry"],"yoast_head":"<!-- This site is optimized with the Yoast SEO plugin v14.9 - https:\/\/yoast.com\/wordpress\/plugins\/seo\/ -->\n<title>Home - Deko By Angel<\/title>\n<meta name=\"description\" content=\"Location de mat\u00e9riel et d\u00e9coration pour vos \u00e9v\u00e8nements professionnels ou priv\u00e9s,Un cocktail d entreprise, un anniversaire, un mariage, un \u00e9v\u00e9nement \u00e0 organiser.\" \/>\n<meta name=\"robots\" content=\"index, follow, max-snippet:-1, max-image-preview:large, max-video-preview:-1\" \/>\n<link rel=\"canonical\" href=\"https:\/\/dekobyangel.fr\/\" \/>\n<meta property=\"og:locale\" content=\"fr_FR\" \/>\n<meta property=\"og:type\" content=\"article\" \/>\n<meta property=\"og:title\" content=\"Home - Deko By Angel\" \/>\n<meta property=\"og:description\" content=\"Location de mat\u00e9riel et d\u00e9coration pour vos \u00e9v\u00e8nements professionnels ou priv\u00e9s,Un cocktail d entreprise, un anniversaire, un mariage, un \u00e9v\u00e9nement \u00e0 organiser.\" \/>\n<meta property=\"og:url\" content=\"https:\/\/dekobyangel.fr\/\" \/>\n<meta property=\"article:modified_time\" content=\"2026-02-02T13:32:27+00:00\" \/>\n<meta property=\"og:image\" content=\"https:\/\/dekobyangel.fr\/wp-content\/uploads\/2020\/12\/logo-decideurs-1.jpg\" \/>\n<meta name=\"twitter:card\" content=\"summary_large_image\" \/>\n<script type=\"application\/ld+json\" class=\"yoast-schema-graph\">{\"@context\":\"https:\/\/schema.org\",\"@graph\":[{\"@type\":\"Organization\",\"@id\":\"https:\/\/dekobyangel.fr\/#organization\",\"name\":\"Deko by Angel\",\"url\":\"https:\/\/dekobyangel.fr\/\",\"sameAs\":[],\"logo\":{\"@type\":\"ImageObject\",\"@id\":\"https:\/\/dekobyangel.fr\/#logo\",\"inLanguage\":\"fr-FR\",\"url\":\"https:\/\/dekobyangel.fr\/wp-content\/uploads\/2020\/09\/deko-logo-2.png\",\"width\":600,\"height\":225,\"caption\":\"Deko by Angel\"},\"image\":{\"@id\":\"https:\/\/dekobyangel.fr\/#logo\"}},{\"@type\":\"WebSite\",\"@id\":\"https:\/\/dekobyangel.fr\/#website\",\"url\":\"https:\/\/dekobyangel.fr\/\",\"name\":\"\",\"description\":\"\",\"publisher\":{\"@id\":\"https:\/\/dekobyangel.fr\/#organization\"},\"potentialAction\":[{\"@type\":\"SearchAction\",\"target\":\"https:\/\/dekobyangel.fr\/?s={search_term_string}\",\"query-input\":\"required name=search_term_string\"}],\"inLanguage\":\"fr-FR\"},{\"@type\":\"ImageObject\",\"@id\":\"https:\/\/dekobyangel.fr\/#primaryimage\",\"inLanguage\":\"fr-FR\",\"url\":\"https:\/\/dekobyangel.fr\/wp-content\/uploads\/2020\/12\/logo-decideurs-1.jpg\",\"width\":225,\"height\":225},{\"@type\":\"WebPage\",\"@id\":\"https:\/\/dekobyangel.fr\/#webpage\",\"url\":\"https:\/\/dekobyangel.fr\/\",\"name\":\"Home - Deko By Angel\",\"isPartOf\":{\"@id\":\"https:\/\/dekobyangel.fr\/#website\"},\"primaryImageOfPage\":{\"@id\":\"https:\/\/dekobyangel.fr\/#primaryimage\"},\"datePublished\":\"2018-03-26T08:48:52+00:00\",\"dateModified\":\"2026-02-02T13:32:27+00:00\",\"description\":\"Location de mat\\u00e9riel et d\\u00e9coration pour vos \\u00e9v\\u00e8nements professionnels ou priv\\u00e9s,Un cocktail d entreprise, un anniversaire, un mariage, un \\u00e9v\\u00e9nement \\u00e0 organiser.\",\"inLanguage\":\"fr-FR\",\"potentialAction\":[{\"@type\":\"ReadAction\",\"target\":[\"https:\/\/dekobyangel.fr\/\"]}]}]}<\/script>\n<!-- \/ Yoast SEO plugin. -->","_links":{"self":[{"href":"https:\/\/dekobyangel.fr\/index.php?rest_route=\/wp\/v2\/pages\/198","targetHints":{"allow":["GET"]}}],"collection":[{"href":"https:\/\/dekobyangel.fr\/index.php?rest_route=\/wp\/v2\/pages"}],"about":[{"href":"https:\/\/dekobyangel.fr\/index.php?rest_route=\/wp\/v2\/types\/page"}],"author":[{"embeddable":true,"href":"https:\/\/dekobyangel.fr\/index.php?rest_route=\/wp\/v2\/users\/1"}],"replies":[{"embeddable":true,"href":"https:\/\/dekobyangel.fr\/index.php?rest_route=%2Fwp%2Fv2%2Fcomments&post=198"}],"version-history":[{"count":37,"href":"https:\/\/dekobyangel.fr\/index.php?rest_route=\/wp\/v2\/pages\/198\/revisions"}],"predecessor-version":[{"id":1747,"href":"https:\/\/dekobyangel.fr\/index.php?rest_route=\/wp\/v2\/pages\/198\/revisions\/1747"}],"wp:attachment":[{"href":"https:\/\/dekobyangel.fr\/index.php?rest_route=%2Fwp%2Fv2%2Fmedia&parent=198"}],"curies":[{"name":"wp","href":"https:\/\/api.w.org\/{rel}","templated":true}]}}