{"id":234,"date":"2018-03-20T08:14:22","date_gmt":"2018-03-20T07:14:22","guid":{"rendered":"https:\/\/dekobyangel.fr\/?page_id=3"},"modified":"2020-09-21T17:18:20","modified_gmt":"2020-09-21T15:18:20","slug":"contact","status":"publish","type":"page","link":"https:\/\/dekobyangel.fr\/?page_id=234","title":{"rendered":"Contact"},"content":{"rendered":"\t\t<div data-elementor-type=\"wp-page\" data-elementor-id=\"234\" class=\"elementor elementor-234\">\n\t\t\t\t\t\t<div class=\"elementor-inner\">\n\t\t\t\t<div class=\"elementor-section-wrap\">\n\t\t\t\t\t\t\t\t\t<section class=\"elementor-section elementor-top-section elementor-element elementor-element-f18530f elementor-section-boxed elementor-section-height-default elementor-section-height-default\" data-id=\"f18530f\" data-element_type=\"section\">\n\t\t\t\t\t\t<div class=\"elementor-container elementor-column-gap-default\">\n\t\t\t\t\t\t\t<div class=\"elementor-row\">\n\t\t\t\t\t<div class=\"elementor-column elementor-col-100 elementor-top-column elementor-element elementor-element-a42f5c3\" data-id=\"a42f5c3\" data-element_type=\"column\">\n\t\t\t<div class=\"elementor-column-wrap elementor-element-populated\">\n\t\t\t\t\t\t\t<div class=\"elementor-widget-wrap\">\n\t\t\t\t\t\t<div class=\"elementor-element elementor-element-2edffaf elementor-widget elementor-widget-spacer\" data-id=\"2edffaf\" data-element_type=\"widget\" data-widget_type=\"spacer.default\">\n\t\t\t\t<div class=\"elementor-widget-container\">\n\t\t\t\t\t<div class=\"elementor-spacer\">\n\t\t\t<div class=\"elementor-spacer-inner\"><\/div>\n\t\t<\/div>\n\t\t\t\t<\/div>\n\t\t\t\t<\/div>\n\t\t\t\t\t\t<\/div>\n\t\t\t\t\t<\/div>\n\t\t<\/div>\n\t\t\t\t\t\t\t\t<\/div>\n\t\t\t\t\t<\/div>\n\t\t<\/section>\n\t\t\t\t<section class=\"elementor-section elementor-top-section elementor-element elementor-element-184e4e8 elementor-section-boxed elementor-section-height-default elementor-section-height-default\" data-id=\"184e4e8\" data-element_type=\"section\">\n\t\t\t\t\t\t<div class=\"elementor-container elementor-column-gap-default\">\n\t\t\t\t\t\t\t<div class=\"elementor-row\">\n\t\t\t\t\t<div class=\"elementor-column elementor-col-50 elementor-top-column elementor-element elementor-element-c38a254\" data-id=\"c38a254\" data-element_type=\"column\">\n\t\t\t<div class=\"elementor-column-wrap elementor-element-populated\">\n\t\t\t\t\t\t\t<div class=\"elementor-widget-wrap\">\n\t\t\t\t\t\t<div class=\"elementor-element elementor-element-bf19337 elementor-widget elementor-widget-text-editor\" data-id=\"bf19337\" data-element_type=\"widget\" data-widget_type=\"text-editor.default\">\n\t\t\t\t<div class=\"elementor-widget-container\">\n\t\t\t\t\t\t\t\t<div class=\"elementor-text-editor elementor-clearfix\">\n\t\t\t\t<h2 style=\"text-align: left;\">Coordon\u00e9es<\/h2><div style=\"text-align: left;\"><strong>DEKO by Angel<\/strong><\/div><div style=\"text-align: left;\">\u00a0<\/div><div class=\"textwidget\" style=\"text-align: left;\">Ang\u00e9lique ROY<\/div><div class=\"textwidget\" style=\"text-align: left;\">34 bis rue Clarisse<\/div><div class=\"textwidget\" style=\"text-align: left;\">59320 Haubourdin<br \/>France<\/div><div style=\"text-align: left;\">\u00a0<\/div><div class=\"textwidget\" style=\"text-align: left;\"><span style=\"color: #b0b0b0;\">Telephone:<\/span> <span style=\"color: #d6b34f;\"><a style=\"color: #d6b34f;\" href=\"tel:+33699662049\">+33 699662049<\/a><\/span><\/div><div class=\"textwidget\" style=\"text-align: left;\"><span style=\"color: #b0b0b0;\">E-mail:<\/span> <span style=\"color: #d6b34f;\"><a style=\"color: #d6b34f;\" href=\"mailto:dekobyangel@gmail.com\">dekobyangel@gmail.com<\/a><\/span><\/div>\t\t\t\t\t<\/div>\n\t\t\t\t\t\t<\/div>\n\t\t\t\t<\/div>\n\t\t\t\t<div class=\"elementor-element elementor-element-848db26 elementor-widget elementor-widget-spacer\" data-id=\"848db26\" data-element_type=\"widget\" data-widget_type=\"spacer.default\">\n\t\t\t\t<div class=\"elementor-widget-container\">\n\t\t\t\t\t<div class=\"elementor-spacer\">\n\t\t\t<div class=\"elementor-spacer-inner\"><\/div>\n\t\t<\/div>\n\t\t\t\t<\/div>\n\t\t\t\t<\/div>\n\t\t\t\t<div class=\"elementor-element elementor-element-e233ab7 elementor-widget elementor-widget-google_maps\" data-id=\"e233ab7\" data-element_type=\"widget\" data-widget_type=\"google_maps.default\">\n\t\t\t\t<div class=\"elementor-widget-container\">\n\t\t\t\t\t<div class=\"elementor-custom-embed\">\n\t\t\t<iframe frameborder=\"0\" scrolling=\"no\" marginheight=\"0\" marginwidth=\"0\"\n\t\t\t\t\tsrc=\"https:\/\/maps.google.com\/maps?q=34%20bis%20rue%20Clarisse%2059320%20Haubourdin&#038;t=m&#038;z=10&#038;output=embed&#038;iwloc=near\"\n\t\t\t\t\ttitle=\"34 bis rue Clarisse 59320 Haubourdin\"\n\t\t\t\t\taria-label=\"34 bis rue Clarisse 59320 Haubourdin\"\n\t\t\t><\/iframe>\n\t\t<\/div>\n\t\t\t\t<\/div>\n\t\t\t\t<\/div>\n\t\t\t\t\t\t<\/div>\n\t\t\t\t\t<\/div>\n\t\t<\/div>\n\t\t\t\t<div class=\"elementor-column elementor-col-50 elementor-top-column elementor-element elementor-element-e7b2e9b\" data-id=\"e7b2e9b\" data-element_type=\"column\">\n\t\t\t<div class=\"elementor-column-wrap elementor-element-populated\">\n\t\t\t\t\t\t\t<div class=\"elementor-widget-wrap\">\n\t\t\t\t\t\t<div class=\"elementor-element elementor-element-6faff21 elementor-widget elementor-widget-text-editor\" data-id=\"6faff21\" data-element_type=\"widget\" data-widget_type=\"text-editor.default\">\n\t\t\t\t<div class=\"elementor-widget-container\">\n\t\t\t\t\t\t\t\t<div class=\"elementor-text-editor elementor-clearfix\">\n\t\t\t\t<h2><span style=\"color: #d6b34f;\">Nous contacter<\/span><\/h2><p>Vous avez un projet ? Pr\u00e9sentation gratuite et personnalis\u00e9e sur rendez-vous.<\/p>\t\t\t\t\t<\/div>\n\t\t\t\t\t\t<\/div>\n\t\t\t\t<\/div>\n\t\t\t\t<div class=\"elementor-element elementor-element-8bb20c8 elementor-widget-divider--view-line elementor-widget elementor-widget-divider\" data-id=\"8bb20c8\" data-element_type=\"widget\" data-widget_type=\"divider.default\">\n\t\t\t\t<div class=\"elementor-widget-container\">\n\t\t\t\t\t<div class=\"elementor-divider\">\n\t\t\t<span class=\"elementor-divider-separator\">\n\t\t\t\t\t\t<\/span>\n\t\t<\/div>\n\t\t\t\t<\/div>\n\t\t\t\t<\/div>\n\t\t\t\t<div class=\"elementor-element elementor-element-4477419 elementor-widget elementor-widget-wp-widget-form_maker_widget\" data-id=\"4477419\" data-element_type=\"widget\" data-widget_type=\"wp-widget-form_maker_widget.default\">\n\t\t\t\t<div class=\"elementor-widget-container\">\n\t\t\t<div style=\"display:none\" class=\"fm-form-container fm-theme1\"><div id=\"fm-pages1\" class=\"fm-pages wdform_page_navigation \" show_title=\"\" show_numbers=\"1\" type=\"none\"><\/div><form name=\"form1\" action=\"\/index.php?rest_route=%2Fwp%2Fv2%2Fpages%2F234\" method=\"post\" id=\"form1\" class=\"fm-form form1  \" enctype=\"multipart\/form-data\"><input type=\"hidden\" id=\"fm_page_id1\" value=\"234\" name=\"fm_page_id1\" \/><input type=\"hidden\" id=\"fm_current_post_type1\" value=\"page\" name=\"fm_current_post_type1\" \/><input type=\"hidden\" id=\"counter1\" value=\"10\" name=\"counter1\" \/><input type=\"hidden\" id=\"Itemid1\" value=\"\" name=\"Itemid1\" \/><input type=\"hidden\" id=\"fm_shake1\" value=\"1\" name=\"fm_shake1\" \/><input type=\"text\" class=\"fm-hide\" id=\"fm_empty_field_validation1\" value=\"\" name=\"fm_empty_field_validation1\" data-value=\"bd736efb144d599cf463541431fbf5c4\" \/><div class=\"wdform-page-and-images fm-form-builder\"><div id=\"1form_view1\" class=\"wdform_page\" page_title=\"Untitled page\" next_title=\"Next\" next_type=\"text\" next_class=\"wdform-page-button\" next_checkable=\"true\" previous_title=\"Previous\" previous_type=\"text\" previous_class=\"wdform-page-button\" previous_checkable=\"false\"><div class=\"wdform_section\"><div class=\"wdform_column\"><div wdid=\"2\" class=\"wdform_row\" style=\"position: relative; left: 0px; top: 0px;\"><div type=\"type_text\" class=\"wdform-field wd-width-100 wd-flex wd-flex-column fm-type_text\" ><div class=\"wdform-label-section wd-width-100  wd-flex-row wd-align-items-center\">\n    <label  for=\"wdform_2_element1\" class=\"wdform-label\">Nom<\/label><span class=\"wdform-required\">*<\/span><\/div><div class=\"wdform-element-section wd-flex  wd-flex-row wd-align-items-center wd-width-100\" ><input type=\"text\"\n                           class=\"wd-width-100\"\n                           id=\"wdform_2_element1\"\n                           name=\"wdform_2_element1\"\n                           value=\"\"\n                           data-value=\"\"\n                           title=\"\"\n                           placeholder=\"\"\n                           \n                            \/><\/div><\/div><\/div><\/div><div class=\"wdform_column\"><div wdid=\"3\" class=\"wdform_row\"><div type=\"type_submitter_mail\" class=\"wdform-field wd-width-100 wd-flex wd-flex-column fm-type_submitter_mail\" ><div class=\"wdform-label-section wd-width-100  wd-flex-row\">\n    <label  for=\"wdform_3_element1\" class=\"wdform-label\">Email<\/label><span class=\"wdform-required\">*<\/span><\/div><div class=\"wdform-element-section wd-flex  wd-flex-row wd-width-100\" ><input type=\"text\" class=\"wd-width-100\" id=\"wdform_3_element1\" name=\"wdform_3_element1\" data-value=\"\" value=\"\" title=\"\" placeholder=\"\"   onchange=\"wd_check_email('3', '1', 'Ceci n\\'est pas une adresse e-mail valide')\" \/><\/div><\/div><\/div><\/div><div class=\"wdform_column\"><div wdid=\"6\" class=\"wdform_row\" style=\"position: relative; left: 0px; top: 0px;\"><div type=\"type_phone_new\" class=\"wdform-field wd-width-100 wd-flex wd-flex-column fm-type_phone_new\" ><div class=\"wdform-label-section wd-width-100 \">\n    <label  for=\"wdform_6_element1\" class=\"wdform-label\">T\u00e9l\u00e9phone<\/label><\/div><div class=\"wdform-element-section wd-flex  wd-width-100\" ><input type=\"text\"\n                       class=\"wd-width-100\"\n                       id=\"wdform_6_element1\"\n                       name=\"wdform_6_element1\"\n                       value=\"\"\n                       data-value=\"\"\n                       placeholder=\"\"  \/><\/div><\/div><\/div><\/div><div class=\"wdform_column\"><div wdid=\"7\" class=\"wdform_row\" style=\"position: relative; left: 0px; top: 0px;\"><div type=\"type_text\" class=\"wdform-field wd-width-100 wd-flex wd-flex-column fm-type_text\" ><div class=\"wdform-label-section wd-width-100  wd-flex-row wd-align-items-center\">\n    <label  for=\"wdform_7_element1\" class=\"wdform-label\">Objet<\/label><span class=\"wdform-required\">*<\/span><\/div><div class=\"wdform-element-section wd-flex  wd-flex-row wd-align-items-center wd-width-100\" ><input type=\"text\"\n                           class=\"wd-width-100\"\n                           id=\"wdform_7_element1\"\n                           name=\"wdform_7_element1\"\n                           value=\"\"\n                           data-value=\"\"\n                           title=\"\"\n                           placeholder=\"\"\n                           \n                            \/><\/div><\/div><\/div><\/div><div class=\"wdform_column\"><div wdid=\"5\" class=\"wdform_row\"><div type=\"type_textarea\" class=\"wdform-field wd-width-100 wd-flex wd-flex-column fm-type_textarea\" ><div class=\"wdform-label-section wd-width-100 \">\n    <label  for=\"wdform_5_element1\" class=\"wdform-label\">Message<\/label><span class=\"wdform-required\">*<\/span><\/div><div class=\"wdform-element-section wd-flex  wd-width-100\" ><textarea class=\"wd-width-100\"\n                      id=\"wdform_5_element1\"\n                      name=\"wdform_5_element1\"\n                      placeholder=\"\"\n                      data-value=\"\"\n                      maxlength=\"\"\n                      style=\"height: 100px;\"\n                      ><\/textarea><\/div><\/div><\/div><\/div><div class=\"wdform_column\"><div wdid=\"9\" class=\"wdform_row\" style=\"position: relative; left: 0px; top: 0px;\"><div type=\"type_checkbox\" class=\"wdform-field wd-width-100 wd-flex wd-flex-column fm-type_checkbox\" ><div class=\"wdform-label-section wd-width-100  wd-flex-wrap wd-flex-column\">\n    <label  class=\"wdform-label\">En cochant cette case, j'accepte la Politique de confidentialit\u00e9 de ce site.<\/label><span class=\"wdform-required\">*<\/span><\/div><div class=\"wdform-element-section wd-flex  wd-flex-wrap wd-flex-column wd-width-100\" ><div class=\"wd-flex wd-flex-column\"><input type=\"hidden\" name=\"wdform_9_element1\" value=\"\" \/><div class=\"checkbox-div wd-choice wd-flex wd-flex-row\"><input type=\"checkbox\"  id=\"wdform_9_element10\" name=\"wdform_9_element10\" value=\"\"    \/><label class=\"wd-align-items-center wd-flex wd-flex-row\" for=\"wdform_9_element10\"><span><\/span><\/label><\/div><\/div><\/div><\/div><\/div><\/div><div class=\"wdform_column\"><div wdid=\"8\" class=\"wdform_row\"><div type=\"type_captcha\" class=\"wdform-field wd-width-100 wd-flex wd-flex-row fm-type_captcha\" ><div class=\"wdform-label-section wd-width-30 wd-hidden  wd-flex-row wd-align-items-center\">\n    <label  for=\"wd_captcha_input1\" class=\"wdform-label\">Captcha<\/label><\/div><div class=\"wdform-element-section wd-flex  wd-flex-row wd-align-items-center wd-width-100\" ><img decoding=\"async\" type=\"captcha\"\n                           digit=\"6\"\n                           src=\" https:\/\/dekobyangel.fr\/wp-admin\/admin-ajax.php?action=formmakerwdcaptcha&digit=6&i=1\"\n                           id=\"wd_captcha1\"\n                           class=\"captcha_img wd-hidden\"\n                            \/><div class=\"captcha_refresh\" id=\"_element_refresh1\" ><\/div><input type=\"text\"\n                              class=\"captcha_input\"\n                              id=\"wd_captcha_input1\"\n                              name=\"captcha_input\"\n                              style=\"width: 80px;\"\n                               \/><\/div><\/div><\/div><\/div><div class=\"wdform_column\"><div wdid=\"1\" class=\"wdform_row\"><div type=\"type_submit_reset\" class=\"wdform-field wd-width-100 wd-flex wd-flex-column fm-type_submit_reset\" ><div class=\"wdform-element-section wd-flex  wd-flex-row wd-justify-content-left wd-width-100\" ><button  type=\"button\" class=\"button-submit\" onclick=\"fm_submit_form('1');\"  data-ajax=\"0\"><span class=\"fm-submit-loading spinner fm-ico-spinner\"><\/span>Envoyer<\/button><button  type=\"button\" class=\"button-reset \" onclick=\"fm_reset_form(1);\" >Reset<\/button><\/div><\/div><\/div><\/div><\/div><div valign=\"top\" class=\"wdform_footer wd-width-100\"><div class=\"wd-width-100\"><div class=\"wd-width-100 wd-table\" style=\"padding-top:10px;\"><div class=\"wd-table-group\"><div id=\"1page_nav1\" class=\"wd-table-row\"><\/div><\/div><\/div><\/div><\/div><\/div><\/div><div class=\"wdform_preload\"><\/div><input type=\"hidden\" name=\"fm-current-page\" value=\"https:\/\/dekobyangel.fr\/index.php?rest_route=%2Fwp%2Fv2%2Fpages%2F234\" \/><\/form><\/div>\t\t<\/div>\n\t\t\t\t<\/div>\n\t\t\t\t\t\t<\/div>\n\t\t\t\t\t<\/div>\n\t\t<\/div>\n\t\t\t\t\t\t\t\t<\/div>\n\t\t\t\t\t<\/div>\n\t\t<\/section>\n\t\t\t\t\t\t\t\t\t<\/div>\n\t\t\t<\/div>\n\t\t\t\t\t<\/div>\n\t\t","protected":false},"excerpt":{"rendered":"<p>Coordon\u00e9es DEKO by Angel\u00a0Ang\u00e9lique ROY34 bis rue Clarisse59320 HaubourdinFrance\u00a0Telephone: +33 699662049E-mail: dekobyangel@gmail.com Nous contacter Vous avez un projet ? Pr\u00e9sentation gratuite et personnalis\u00e9e sur rendez-vous.<\/p>\n","protected":false},"author":1,"featured_media":0,"parent":0,"menu_order":2,"comment_status":"closed","ping_status":"closed","template":"","meta":{"footnotes":""},"class_list":["post-234","page","type-page","status-publish","hentry"],"yoast_head":"<!-- This site is optimized with the Yoast SEO plugin v14.9 - https:\/\/yoast.com\/wordpress\/plugins\/seo\/ -->\n<title>Contact - Deko By Angel<\/title>\n<meta name=\"description\" content=\"Location de mat\u00e9riel et de d\u00e9coration pour vos \u00e9v\u00e9nements professionnels ou priv\u00e9smange debout, tables, chaises, d\u00e9coration, vaisselles, bar \u00e0 th\u00e8me.\" \/>\n<meta name=\"robots\" content=\"index, follow, max-snippet:-1, max-image-preview:large, max-video-preview:-1\" \/>\n<link rel=\"canonical\" href=\"https:\/\/dekobyangel.fr\/?page_id=234\" \/>\n<meta property=\"og:locale\" content=\"fr_FR\" \/>\n<meta property=\"og:type\" content=\"article\" \/>\n<meta property=\"og:title\" content=\"Contact - Deko By Angel\" \/>\n<meta property=\"og:description\" content=\"Location de mat\u00e9riel et de d\u00e9coration pour vos \u00e9v\u00e9nements professionnels ou priv\u00e9smange debout, tables, chaises, d\u00e9coration, vaisselles, bar \u00e0 th\u00e8me.\" \/>\n<meta property=\"og:url\" content=\"https:\/\/dekobyangel.fr\/?page_id=234\" \/>\n<meta property=\"article:modified_time\" content=\"2020-09-21T15:18:20+00:00\" \/>\n<meta name=\"twitter:card\" content=\"summary_large_image\" \/>\n<script type=\"application\/ld+json\" class=\"yoast-schema-graph\">{\"@context\":\"https:\/\/schema.org\",\"@graph\":[{\"@type\":\"Organization\",\"@id\":\"https:\/\/dekobyangel.fr\/#organization\",\"name\":\"Deko by Angel\",\"url\":\"https:\/\/dekobyangel.fr\/\",\"sameAs\":[],\"logo\":{\"@type\":\"ImageObject\",\"@id\":\"https:\/\/dekobyangel.fr\/#logo\",\"inLanguage\":\"fr-FR\",\"url\":\"https:\/\/dekobyangel.fr\/wp-content\/uploads\/2020\/09\/deko-logo-2.png\",\"width\":600,\"height\":225,\"caption\":\"Deko by Angel\"},\"image\":{\"@id\":\"https:\/\/dekobyangel.fr\/#logo\"}},{\"@type\":\"WebSite\",\"@id\":\"https:\/\/dekobyangel.fr\/#website\",\"url\":\"https:\/\/dekobyangel.fr\/\",\"name\":\"\",\"description\":\"\",\"publisher\":{\"@id\":\"https:\/\/dekobyangel.fr\/#organization\"},\"potentialAction\":[{\"@type\":\"SearchAction\",\"target\":\"https:\/\/dekobyangel.fr\/?s={search_term_string}\",\"query-input\":\"required name=search_term_string\"}],\"inLanguage\":\"fr-FR\"},{\"@type\":\"WebPage\",\"@id\":\"https:\/\/dekobyangel.fr\/?page_id=234#webpage\",\"url\":\"https:\/\/dekobyangel.fr\/?page_id=234\",\"name\":\"Contact - Deko By Angel\",\"isPartOf\":{\"@id\":\"https:\/\/dekobyangel.fr\/#website\"},\"datePublished\":\"2018-03-20T07:14:22+00:00\",\"dateModified\":\"2020-09-21T15:18:20+00:00\",\"description\":\"Location de mat\\u00e9riel et de d\\u00e9coration pour vos \\u00e9v\\u00e9nements professionnels ou priv\\u00e9smange debout, tables, chaises, d\\u00e9coration, vaisselles, bar \\u00e0 th\\u00e8me.\",\"inLanguage\":\"fr-FR\",\"potentialAction\":[{\"@type\":\"ReadAction\",\"target\":[\"https:\/\/dekobyangel.fr\/?page_id=234\"]}]}]}<\/script>\n<!-- \/ Yoast SEO plugin. -->","_links":{"self":[{"href":"https:\/\/dekobyangel.fr\/index.php?rest_route=\/wp\/v2\/pages\/234","targetHints":{"allow":["GET"]}}],"collection":[{"href":"https:\/\/dekobyangel.fr\/index.php?rest_route=\/wp\/v2\/pages"}],"about":[{"href":"https:\/\/dekobyangel.fr\/index.php?rest_route=\/wp\/v2\/types\/page"}],"author":[{"embeddable":true,"href":"https:\/\/dekobyangel.fr\/index.php?rest_route=\/wp\/v2\/users\/1"}],"replies":[{"embeddable":true,"href":"https:\/\/dekobyangel.fr\/index.php?rest_route=%2Fwp%2Fv2%2Fcomments&post=234"}],"version-history":[{"count":4,"href":"https:\/\/dekobyangel.fr\/index.php?rest_route=\/wp\/v2\/pages\/234\/revisions"}],"predecessor-version":[{"id":1637,"href":"https:\/\/dekobyangel.fr\/index.php?rest_route=\/wp\/v2\/pages\/234\/revisions\/1637"}],"wp:attachment":[{"href":"https:\/\/dekobyangel.fr\/index.php?rest_route=%2Fwp%2Fv2%2Fmedia&parent=234"}],"curies":[{"name":"wp","href":"https:\/\/api.w.org\/{rel}","templated":true}]}}